{"id":19152,"date":"2023-01-03T22:20:24","date_gmt":"2023-01-03T22:20:24","guid":{"rendered":"https:\/\/kellytillage.com\/de\/?page_id=19152"},"modified":"2023-06-16T11:13:49","modified_gmt":"2023-06-16T11:13:49","slug":"brand-update","status":"publish","type":"page","link":"https:\/\/kellytillage.com\/de\/brand-update\/","title":{"rendered":"Brand Update"},"content":{"rendered":"\t\t<div data-elementor-type=\"wp-page\" data-elementor-id=\"19152\" class=\"elementor elementor-19152\" data-elementor-settings=\"{&quot;element_pack_global_tooltip_width&quot;:{&quot;unit&quot;:&quot;px&quot;,&quot;size&quot;:&quot;&quot;,&quot;sizes&quot;:[]},&quot;element_pack_global_tooltip_width_tablet&quot;:{&quot;unit&quot;:&quot;px&quot;,&quot;size&quot;:&quot;&quot;,&quot;sizes&quot;:[]},&quot;element_pack_global_tooltip_width_mobile&quot;:{&quot;unit&quot;:&quot;px&quot;,&quot;size&quot;:&quot;&quot;,&quot;sizes&quot;:[]},&quot;element_pack_global_tooltip_padding&quot;:{&quot;unit&quot;:&quot;px&quot;,&quot;top&quot;:&quot;&quot;,&quot;right&quot;:&quot;&quot;,&quot;bottom&quot;:&quot;&quot;,&quot;left&quot;:&quot;&quot;,&quot;isLinked&quot;:true},&quot;element_pack_global_tooltip_padding_tablet&quot;:{&quot;unit&quot;:&quot;px&quot;,&quot;top&quot;:&quot;&quot;,&quot;right&quot;:&quot;&quot;,&quot;bottom&quot;:&quot;&quot;,&quot;left&quot;:&quot;&quot;,&quot;isLinked&quot;:true},&quot;element_pack_global_tooltip_padding_mobile&quot;:{&quot;unit&quot;:&quot;px&quot;,&quot;top&quot;:&quot;&quot;,&quot;right&quot;:&quot;&quot;,&quot;bottom&quot;:&quot;&quot;,&quot;left&quot;:&quot;&quot;,&quot;isLinked&quot;:true},&quot;element_pack_global_tooltip_border_radius&quot;:{&quot;unit&quot;:&quot;px&quot;,&quot;top&quot;:&quot;&quot;,&quot;right&quot;:&quot;&quot;,&quot;bottom&quot;:&quot;&quot;,&quot;left&quot;:&quot;&quot;,&quot;isLinked&quot;:true},&quot;element_pack_global_tooltip_border_radius_tablet&quot;:{&quot;unit&quot;:&quot;px&quot;,&quot;top&quot;:&quot;&quot;,&quot;right&quot;:&quot;&quot;,&quot;bottom&quot;:&quot;&quot;,&quot;left&quot;:&quot;&quot;,&quot;isLinked&quot;:true},&quot;element_pack_global_tooltip_border_radius_mobile&quot;:{&quot;unit&quot;:&quot;px&quot;,&quot;top&quot;:&quot;&quot;,&quot;right&quot;:&quot;&quot;,&quot;bottom&quot;:&quot;&quot;,&quot;left&quot;:&quot;&quot;,&quot;isLinked&quot;:true}}\" data-elementor-post-type=\"page\">\n\t\t\t\t\t\t<section class=\"elementor-section elementor-top-section elementor-element elementor-element-b3621ad elementor-section-content-bottom elementor-section-height-min-height elementor-section-boxed elementor-section-height-default elementor-section-items-middle\" data-id=\"b3621ad\" data-element_type=\"section\" data-settings=\"{&quot;background_background&quot;:&quot;classic&quot;}\">\n\t\t\t\t\t\t\t<div class=\"elementor-background-overlay\"><\/div>\n\t\t\t\t\t\t\t<div class=\"elementor-container elementor-column-gap-no\">\n\t\t\t\t\t<div class=\"elementor-column elementor-col-50 elementor-top-column elementor-element elementor-element-58eae1e\" data-id=\"58eae1e\" data-element_type=\"column\">\n\t\t\t<div class=\"elementor-widget-wrap elementor-element-populated\">\n\t\t\t\t\t\t<div class=\"elementor-element elementor-element-5f5d6b6 elementor-widget elementor-widget-heading\" data-id=\"5f5d6b6\" data-element_type=\"widget\" data-widget_type=\"heading.default\">\n\t\t\t\t<div class=\"elementor-widget-container\">\n\t\t\t\t\t<h1 class=\"elementor-heading-title elementor-size-default\">Bessere Bodenbearbeitung.<br>\nEin besseres Morgen.<\/h1>\t\t\t\t<\/div>\n\t\t\t\t<\/div>\n\t\t\t\t\t<\/div>\n\t\t<\/div>\n\t\t\t\t<div class=\"elementor-column elementor-col-50 elementor-top-column elementor-element elementor-element-8539dd0 d-none elementor-invisible\" data-id=\"8539dd0\" data-element_type=\"column\" data-settings=\"{&quot;animation&quot;:&quot;fadeInDown&quot;,&quot;background_background&quot;:&quot;classic&quot;,&quot;animation_mobile&quot;:&quot;none&quot;}\">\n\t\t\t<div class=\"elementor-widget-wrap\">\n\t\t\t\t\t\t\t<\/div>\n\t\t<\/div>\n\t\t\t\t\t<\/div>\n\t\t<\/section>\n\t\t\t\t<section class=\"elementor-section elementor-top-section elementor-element elementor-element-9e452b7 elementor-section-height-min-height elementor-section-boxed elementor-section-height-default elementor-section-items-middle\" data-id=\"9e452b7\" data-element_type=\"section\">\n\t\t\t\t\t\t<div class=\"elementor-container elementor-column-gap-default\">\n\t\t\t\t\t<div class=\"elementor-column elementor-col-50 elementor-top-column elementor-element elementor-element-7948ea8\" data-id=\"7948ea8\" data-element_type=\"column\">\n\t\t\t<div class=\"elementor-widget-wrap elementor-element-populated\">\n\t\t\t\t\t\t<div class=\"elementor-element elementor-element-68da0d1 elementor-widget elementor-widget-heading\" data-id=\"68da0d1\" data-element_type=\"widget\" data-widget_type=\"heading.default\">\n\t\t\t\t<div class=\"elementor-widget-container\">\n\t\t\t\t\t<h2 class=\"elementor-heading-title elementor-size-default\">Die Zukunft von KELLY<\/h2>\t\t\t\t<\/div>\n\t\t\t\t<\/div>\n\t\t\t\t\t<\/div>\n\t\t<\/div>\n\t\t\t\t<div class=\"elementor-column elementor-col-50 elementor-top-column elementor-element elementor-element-84dd512\" data-id=\"84dd512\" data-element_type=\"column\">\n\t\t\t<div class=\"elementor-widget-wrap elementor-element-populated\">\n\t\t\t\t\t\t<div class=\"elementor-element elementor-element-8ba284c elementor-widget elementor-widget-text-editor\" data-id=\"8ba284c\" data-element_type=\"widget\" data-widget_type=\"text-editor.default\">\n\t\t\t\t<div class=\"elementor-widget-container\">\n\t\t\t\t\t\t\t\t\t<p>Unsere Erfindungsgeschichte hat KELLY zu einem weltweit f\u00fchrenden Innovator der flachen Bodenbearbeitungstechnologie gemacht. Wir feiern diese Geschichte mit einer Markenerneuerung, die den Kern dessen trifft, was wir sind.<\/p>\t\t\t\t\t\t\t\t<\/div>\n\t\t\t\t<\/div>\n\t\t\t\t\t<\/div>\n\t\t<\/div>\n\t\t\t\t\t<\/div>\n\t\t<\/section>\n\t\t\t\t<section class=\"elementor-section elementor-top-section elementor-element elementor-element-122edd4 elementor-section-boxed elementor-section-height-default elementor-section-height-default\" data-id=\"122edd4\" data-element_type=\"section\">\n\t\t\t\t\t\t<div class=\"elementor-container elementor-column-gap-default\">\n\t\t\t\t\t<div class=\"elementor-column elementor-col-50 elementor-top-column elementor-element elementor-element-413c08d\" data-id=\"413c08d\" data-element_type=\"column\">\n\t\t\t<div class=\"elementor-widget-wrap\">\n\t\t\t\t\t\t\t<\/div>\n\t\t<\/div>\n\t\t\t\t<div class=\"elementor-column elementor-col-50 elementor-top-column elementor-element elementor-element-3146fec\" data-id=\"3146fec\" data-element_type=\"column\">\n\t\t\t<div class=\"elementor-widget-wrap elementor-element-populated\">\n\t\t\t\t\t\t<div class=\"elementor-element elementor-element-eacc573 elementor-widget elementor-widget-video\" data-id=\"eacc573\" data-element_type=\"widget\" data-settings=\"{&quot;youtube_url&quot;:&quot;https:\\\/\\\/www.youtube.com\\\/watch?v=GAUB0pd8WHQ&quot;,&quot;video_type&quot;:&quot;youtube&quot;,&quot;controls&quot;:&quot;yes&quot;}\" data-widget_type=\"video.default\">\n\t\t\t\t<div class=\"elementor-widget-container\">\n\t\t\t\t\t\t\t<div class=\"elementor-wrapper elementor-open-inline\">\n\t\t\t<div class=\"elementor-video\"><\/div>\t\t<\/div>\n\t\t\t\t\t\t<\/div>\n\t\t\t\t<\/div>\n\t\t\t\t\t<\/div>\n\t\t<\/div>\n\t\t\t\t\t<\/div>\n\t\t<\/section>\n\t\t\t\t<section class=\"elementor-section elementor-top-section elementor-element elementor-element-bca909a elementor-section-boxed elementor-section-height-default elementor-section-height-default\" data-id=\"bca909a\" data-element_type=\"section\">\n\t\t\t\t\t\t<div class=\"elementor-container elementor-column-gap-default\">\n\t\t\t\t\t<div class=\"elementor-column elementor-col-50 elementor-top-column elementor-element elementor-element-9b37a59\" data-id=\"9b37a59\" data-element_type=\"column\">\n\t\t\t<div class=\"elementor-widget-wrap elementor-element-populated\">\n\t\t\t\t\t\t<div class=\"elementor-element elementor-element-c31d55c elementor-widget elementor-widget-heading\" data-id=\"c31d55c\" data-element_type=\"widget\" data-widget_type=\"heading.default\">\n\t\t\t\t<div class=\"elementor-widget-container\">\n\t\t\t\t\t<h1 class=\"elementor-heading-title elementor-size-default\">Verbesserung unserer visuellen Identit\u00e4t<\/h1>\t\t\t\t<\/div>\n\t\t\t\t<\/div>\n\t\t\t\t\t<\/div>\n\t\t<\/div>\n\t\t\t\t<div class=\"elementor-column elementor-col-50 elementor-top-column elementor-element elementor-element-120f649\" data-id=\"120f649\" data-element_type=\"column\">\n\t\t\t<div class=\"elementor-widget-wrap elementor-element-populated\">\n\t\t\t\t\t\t<div class=\"elementor-element elementor-element-15bd538 elementor-widget elementor-widget-text-editor\" data-id=\"15bd538\" data-element_type=\"widget\" data-widget_type=\"text-editor.default\">\n\t\t\t\t<div class=\"elementor-widget-container\">\n\t\t\t\t\t\t\t\t\t<p>Unser neues Logo verweist mit Stolz auf unsere Geschichte, mit einem Rautensymbol, das das einzigartige Design unserer Bodenbearbeitungsger\u00e4te widerspiegelt. Wir haben auch ein kr\u00e4ftigeres Gr\u00fcn gew\u00e4hlt, das besser zu unserer Produktpalette passt.<\/p>\t\t\t\t\t\t\t\t<\/div>\n\t\t\t\t<\/div>\n\t\t\t\t\t<\/div>\n\t\t<\/div>\n\t\t\t\t\t<\/div>\n\t\t<\/section>\n\t\t\t\t<section class=\"elementor-section elementor-top-section elementor-element elementor-element-f7a79b3 elementor-section-height-min-height elementor-section-boxed elementor-section-height-default elementor-section-items-middle\" data-id=\"f7a79b3\" data-element_type=\"section\" data-settings=\"{&quot;background_background&quot;:&quot;classic&quot;}\">\n\t\t\t\t\t\t<div class=\"elementor-container elementor-column-gap-default\">\n\t\t\t\t\t<div class=\"elementor-column elementor-col-100 elementor-top-column elementor-element elementor-element-e02ca72\" data-id=\"e02ca72\" data-element_type=\"column\">\n\t\t\t<div class=\"elementor-widget-wrap elementor-element-populated\">\n\t\t\t\t\t\t<div class=\"elementor-element elementor-element-c273a7a elementor-widget elementor-widget-heading\" data-id=\"c273a7a\" data-element_type=\"widget\" data-widget_type=\"heading.default\">\n\t\t\t\t<div class=\"elementor-widget-container\">\n\t\t\t\t\t<h1 class=\"elementor-heading-title elementor-size-default\">Definieren, verfeinern, neu ausrichten: die S\u00e4ulen von KELLY<\/h1>\t\t\t\t<\/div>\n\t\t\t\t<\/div>\n\t\t\t\t<section class=\"elementor-section elementor-inner-section elementor-element elementor-element-6cde029 elementor-section-boxed elementor-section-height-default elementor-section-height-default\" data-id=\"6cde029\" data-element_type=\"section\">\n\t\t\t\t\t\t<div class=\"elementor-container elementor-column-gap-default\">\n\t\t\t\t\t<div class=\"elementor-column elementor-col-33 elementor-inner-column elementor-element elementor-element-7fc06fa\" data-id=\"7fc06fa\" data-element_type=\"column\">\n\t\t\t<div class=\"elementor-widget-wrap elementor-element-populated\">\n\t\t\t\t\t\t<div class=\"elementor-element elementor-element-32630c4 elementor-widget elementor-widget-text-editor\" data-id=\"32630c4\" data-element_type=\"widget\" data-widget_type=\"text-editor.default\">\n\t\t\t\t<div class=\"elementor-widget-container\">\n\t\t\t\t\t\t\t\t\t<p><strong>Vertrauen<\/strong><\/p><p>KELLY ist nach wie vor l\u00f6sungsorientiert und kundenorientiert und hat sich einen Ruf als vertrauensw\u00fcrdige Stimme in der globalen Landwirtschaft erworben.<\/p>\t\t\t\t\t\t\t\t<\/div>\n\t\t\t\t<\/div>\n\t\t\t\t\t<\/div>\n\t\t<\/div>\n\t\t\t\t<div class=\"elementor-column elementor-col-33 elementor-inner-column elementor-element elementor-element-2e745ec\" data-id=\"2e745ec\" data-element_type=\"column\">\n\t\t\t<div class=\"elementor-widget-wrap elementor-element-populated\">\n\t\t\t\t\t\t<div class=\"elementor-element elementor-element-9582051 elementor-widget elementor-widget-text-editor\" data-id=\"9582051\" data-element_type=\"widget\" data-widget_type=\"text-editor.default\">\n\t\t\t\t<div class=\"elementor-widget-container\">\n\t\t\t\t\t\t\t\t\t<p><strong>Nachhaltigkeit<\/strong><\/p><p>Wir setzen uns in unserem gesamten Unternehmen f\u00fcr eine nachhaltige Landwirtschaft ein, die sowohl die Umwelt als auch die wirtschaftliche Langlebigkeit ber\u00fccksichtigt.<\/p>\t\t\t\t\t\t\t\t<\/div>\n\t\t\t\t<\/div>\n\t\t\t\t\t<\/div>\n\t\t<\/div>\n\t\t\t\t<div class=\"elementor-column elementor-col-33 elementor-inner-column elementor-element elementor-element-852b467\" data-id=\"852b467\" data-element_type=\"column\">\n\t\t\t<div class=\"elementor-widget-wrap elementor-element-populated\">\n\t\t\t\t\t\t<div class=\"elementor-element elementor-element-65a8fce elementor-widget elementor-widget-text-editor\" data-id=\"65a8fce\" data-element_type=\"widget\" data-widget_type=\"text-editor.default\">\n\t\t\t\t<div class=\"elementor-widget-container\">\n\t\t\t\t\t\t\t\t\t<p><strong>Innovation <\/strong><\/p><p>Innovation ist das Herzst\u00fcck von KELLY; von der Notwendigkeit getriebene Erfindungen, kontinuierliche Verbesserungen und intelligentes Design sind die S\u00e4ulen, auf denen unsere Marke aufgebaut wurde.<\/p>\t\t\t\t\t\t\t\t<\/div>\n\t\t\t\t<\/div>\n\t\t\t\t\t<\/div>\n\t\t<\/div>\n\t\t\t\t\t<\/div>\n\t\t<\/section>\n\t\t\t\t\t<\/div>\n\t\t<\/div>\n\t\t\t\t\t<\/div>\n\t\t<\/section>\n\t\t\t\t<section class=\"elementor-section elementor-top-section elementor-element elementor-element-f130899 elementor-section-height-min-height elementor-section-boxed elementor-section-height-default elementor-section-items-middle\" data-id=\"f130899\" data-element_type=\"section\">\n\t\t\t\t\t\t<div class=\"elementor-container elementor-column-gap-default\">\n\t\t\t\t\t<div class=\"elementor-column elementor-col-100 elementor-top-column elementor-element elementor-element-3a90b9c\" data-id=\"3a90b9c\" data-element_type=\"column\">\n\t\t\t<div class=\"elementor-widget-wrap elementor-element-populated\">\n\t\t\t\t\t\t<div class=\"elementor-element elementor-element-958e3ab elementor-widget elementor-widget-heading\" data-id=\"958e3ab\" data-element_type=\"widget\" data-widget_type=\"heading.default\">\n\t\t\t\t<div class=\"elementor-widget-container\">\n\t\t\t\t\t<h1 class=\"elementor-heading-title elementor-size-default\">Unser Markenversprechen einhalten<\/h1>\t\t\t\t<\/div>\n\t\t\t\t<\/div>\n\t\t\t\t<div class=\"elementor-element elementor-element-8225485 elementor-widget elementor-widget-text-editor\" data-id=\"8225485\" data-element_type=\"widget\" data-widget_type=\"text-editor.default\">\n\t\t\t\t<div class=\"elementor-widget-container\">\n\t\t\t\t\t\t\t\t\t<p>Das Markenversprechen von KELLY basiert auf der Unterst\u00fctzung der Landwirte, die die Bem\u00fchungen um eine bessere landwirtschaftliche Zukunft anf\u00fchren.<\/p>\t\t\t\t\t\t\t\t<\/div>\n\t\t\t\t<\/div>\n\t\t\t\t<section class=\"elementor-section elementor-inner-section elementor-element elementor-element-a479676 elementor-section-boxed elementor-section-height-default elementor-section-height-default\" data-id=\"a479676\" data-element_type=\"section\">\n\t\t\t\t\t\t<div class=\"elementor-container elementor-column-gap-default\">\n\t\t\t\t\t<div class=\"elementor-column elementor-col-50 elementor-inner-column elementor-element elementor-element-6f039c9\" data-id=\"6f039c9\" data-element_type=\"column\">\n\t\t\t<div class=\"elementor-widget-wrap elementor-element-populated\">\n\t\t\t\t\t\t<div class=\"elementor-element elementor-element-376647f elementor-widget elementor-widget-text-editor\" data-id=\"376647f\" data-element_type=\"widget\" data-widget_type=\"text-editor.default\">\n\t\t\t\t<div class=\"elementor-widget-container\">\n\t\t\t\t\t\t\t\t\t<p><strong>Bessere Bodenbearbeitung <\/strong> verspricht, dass ein KELLY-Saatbett nicht nur weitaus geringere Auswirkungen auf den Boden und die Umwelt hat, sondern auch andere Bodenbearbeitungsmethoden in vielerlei Hinsicht \u00fcbertrifft. Dar\u00fcber hinaus versprechen die wirtschaftlichen Vorteile, die mit der Vielseitigkeit und dem Einfallsreichtum der KELLY-Bodenbearbeitungsger\u00e4te einhergehen &#8211; sie bieten zahlreiche Konfigurationen und One-Pass-L\u00f6sungen &#8211; eine bessere Bilanz.<\/p>\t\t\t\t\t\t\t\t<\/div>\n\t\t\t\t<\/div>\n\t\t\t\t\t<\/div>\n\t\t<\/div>\n\t\t\t\t<div class=\"elementor-column elementor-col-50 elementor-inner-column elementor-element elementor-element-b84d93c\" data-id=\"b84d93c\" data-element_type=\"column\">\n\t\t\t<div class=\"elementor-widget-wrap elementor-element-populated\">\n\t\t\t\t\t\t<div class=\"elementor-element elementor-element-9ba03c2 elementor-widget elementor-widget-text-editor\" data-id=\"9ba03c2\" data-element_type=\"widget\" data-widget_type=\"text-editor.default\">\n\t\t\t\t<div class=\"elementor-widget-container\">\n\t\t\t\t\t\t\t\t\t<p><strong>Ein besseres Morgen <\/strong> verspricht eine hellere und ges\u00fcndere Zukunft f\u00fcr uns alle. Die gemeinsame Hoffnung auf ein &#8220;besseres Morgen&#8221; spricht die \u00f6kologischen und wirtschaftlichen Beweggr\u00fcnde der Landwirte weltweit an. Dar\u00fcber hinaus ist Besseres Morgen&#8221; ein Versprechen des der KELLY-Mitarbeiter, sich st\u00e4ndig zu verbessern; genau wie die Landwirte ist auch unsere Arbeit nie beendet.<\/p>\t\t\t\t\t\t\t\t<\/div>\n\t\t\t\t<\/div>\n\t\t\t\t\t<\/div>\n\t\t<\/div>\n\t\t\t\t\t<\/div>\n\t\t<\/section>\n\t\t\t\t\t<\/div>\n\t\t<\/div>\n\t\t\t\t\t<\/div>\n\t\t<\/section>\n\t\t\t\t<\/div>\n\t\t","protected":false},"excerpt":{"rendered":"<p>Bessere Bodenbearbeitung. Ein besseres Morgen. Die Zukunft von KELLY Unsere Erfindungsgeschichte hat KELLY zu einem weltweit f\u00fchrenden Innovator der flachen Bodenbearbeitungstechnologie gemacht. Wir feiern diese Geschichte mit einer Markenerneuerung, die den Kern dessen trifft, was wir sind. https:\/\/www.youtube.com\/watch?v=GAUB0pd8WHQ Verbesserung unserer visuellen Identit\u00e4t Unser neues Logo verweist mit Stolz auf unsere Geschichte, mit einem Rautensymbol, das [&hellip;]<\/p>\n","protected":false},"author":993,"featured_media":0,"parent":0,"menu_order":0,"comment_status":"closed","ping_status":"closed","template":"elementor_header_footer","meta":{"footnotes":""},"class_list":["post-19152","page","type-page","status-publish","hentry"],"yoast_head":"<!-- This site is optimized with the Yoast SEO Premium plugin v20.8 (Yoast SEO v27.2) - https:\/\/yoast.com\/product\/yoast-seo-premium-wordpress\/ -->\n<title>Brand Update - Kelly Tillage Deutsch<\/title>\n<meta name=\"robots\" content=\"index, follow, max-snippet:-1, max-image-preview:large, max-video-preview:-1\" \/>\n<link rel=\"canonical\" href=\"https:\/\/kellytillage.com\/de\/brand-update\/\" \/>\n<meta property=\"og:locale\" content=\"en_US\" \/>\n<meta property=\"og:type\" content=\"article\" \/>\n<meta property=\"og:title\" content=\"Brand Update\" \/>\n<meta property=\"og:description\" content=\"Bessere Bodenbearbeitung. Ein besseres Morgen. Die Zukunft von KELLY Unsere Erfindungsgeschichte hat KELLY zu einem weltweit f\u00fchrenden Innovator der flachen Bodenbearbeitungstechnologie gemacht. Wir feiern diese Geschichte mit einer Markenerneuerung, die den Kern dessen trifft, was wir sind. https:\/\/www.youtube.com\/watch?v=GAUB0pd8WHQ Verbesserung unserer visuellen Identit\u00e4t Unser neues Logo verweist mit Stolz auf unsere Geschichte, mit einem Rautensymbol, das [&hellip;]\" \/>\n<meta property=\"og:url\" content=\"https:\/\/kellytillage.com\/de\/brand-update\/\" \/>\n<meta property=\"og:site_name\" content=\"Kelly Tillage Deutsch\" \/>\n<meta property=\"article:modified_time\" content=\"2023-06-16T11:13:49+00:00\" \/>\n<meta property=\"og:image\" content=\"https:\/\/kellytillage.com\/de\/wp-content\/uploads\/sites\/28\/2021\/12\/kelly-transp-logo.png\" \/>\n\t<meta property=\"og:image:width\" content=\"197\" \/>\n\t<meta property=\"og:image:height\" content=\"130\" \/>\n\t<meta property=\"og:image:type\" content=\"image\/png\" \/>\n<meta name=\"twitter:card\" content=\"summary_large_image\" \/>\n<meta name=\"twitter:label1\" content=\"Est. reading time\" \/>\n\t<meta name=\"twitter:data1\" content=\"2 minutes\" \/>\n<script type=\"application\/ld+json\" class=\"yoast-schema-graph\">{\"@context\":\"https:\/\/schema.org\",\"@graph\":[{\"@type\":\"WebPage\",\"@id\":\"https:\/\/kellytillage.com\/de\/brand-update\/\",\"url\":\"https:\/\/kellytillage.com\/de\/brand-update\/\",\"name\":\"Brand Update - Kelly Tillage Deutsch\",\"isPartOf\":{\"@id\":\"https:\/\/kellytillage.com\/de\/#website\"},\"datePublished\":\"2023-01-03T22:20:24+00:00\",\"dateModified\":\"2023-06-16T11:13:49+00:00\",\"breadcrumb\":{\"@id\":\"https:\/\/kellytillage.com\/de\/brand-update\/#breadcrumb\"},\"inLanguage\":\"en-US\",\"potentialAction\":[{\"@type\":\"ReadAction\",\"target\":[\"https:\/\/kellytillage.com\/de\/brand-update\/\"]}]},{\"@type\":\"BreadcrumbList\",\"@id\":\"https:\/\/kellytillage.com\/de\/brand-update\/#breadcrumb\",\"itemListElement\":[{\"@type\":\"ListItem\",\"position\":1,\"name\":\"Home\",\"item\":\"https:\/\/kellytillage.com\/de\/\"},{\"@type\":\"ListItem\",\"position\":2,\"name\":\"Brand Update\"}]},{\"@type\":\"WebSite\",\"@id\":\"https:\/\/kellytillage.com\/de\/#website\",\"url\":\"https:\/\/kellytillage.com\/de\/\",\"name\":\"Kelly Tillage Deutsch\",\"description\":\"Better Tillage. Better Tomorrow - Custom Made Farm Implements\",\"publisher\":{\"@id\":\"https:\/\/kellytillage.com\/de\/#organization\"},\"potentialAction\":[{\"@type\":\"SearchAction\",\"target\":{\"@type\":\"EntryPoint\",\"urlTemplate\":\"https:\/\/kellytillage.com\/de\/?s={search_term_string}\"},\"query-input\":{\"@type\":\"PropertyValueSpecification\",\"valueRequired\":true,\"valueName\":\"search_term_string\"}}],\"inLanguage\":\"en-US\"},{\"@type\":\"Organization\",\"@id\":\"https:\/\/kellytillage.com\/de\/#organization\",\"name\":\"Kelly Tillage Deutsch\",\"url\":\"https:\/\/kellytillage.com\/de\/\",\"logo\":{\"@type\":\"ImageObject\",\"inLanguage\":\"en-US\",\"@id\":\"https:\/\/kellytillage.com\/de\/#\/schema\/logo\/image\/\",\"url\":\"https:\/\/kellytillage.com\/de\/wp-content\/uploads\/sites\/28\/2021\/12\/cropped-kelly-transp-logo.png\",\"contentUrl\":\"https:\/\/kellytillage.com\/de\/wp-content\/uploads\/sites\/28\/2021\/12\/cropped-kelly-transp-logo.png\",\"width\":134,\"height\":83,\"caption\":\"Kelly Tillage Deutsch\"},\"image\":{\"@id\":\"https:\/\/kellytillage.com\/de\/#\/schema\/logo\/image\/\"}}]}<\/script>\n<!-- \/ Yoast SEO Premium plugin. -->","yoast_head_json":{"title":"Brand Update - Kelly Tillage Deutsch","robots":{"index":"index","follow":"follow","max-snippet":"max-snippet:-1","max-image-preview":"max-image-preview:large","max-video-preview":"max-video-preview:-1"},"canonical":"https:\/\/kellytillage.com\/de\/brand-update\/","og_locale":"en_US","og_type":"article","og_title":"Brand Update","og_description":"Bessere Bodenbearbeitung. Ein besseres Morgen. Die Zukunft von KELLY Unsere Erfindungsgeschichte hat KELLY zu einem weltweit f\u00fchrenden Innovator der flachen Bodenbearbeitungstechnologie gemacht. Wir feiern diese Geschichte mit einer Markenerneuerung, die den Kern dessen trifft, was wir sind. https:\/\/www.youtube.com\/watch?v=GAUB0pd8WHQ Verbesserung unserer visuellen Identit\u00e4t Unser neues Logo verweist mit Stolz auf unsere Geschichte, mit einem Rautensymbol, das [&hellip;]","og_url":"https:\/\/kellytillage.com\/de\/brand-update\/","og_site_name":"Kelly Tillage Deutsch","article_modified_time":"2023-06-16T11:13:49+00:00","og_image":[{"width":197,"height":130,"url":"https:\/\/kellytillage.com\/de\/wp-content\/uploads\/sites\/28\/2021\/12\/kelly-transp-logo.png","type":"image\/png"}],"twitter_card":"summary_large_image","twitter_misc":{"Est. reading time":"2 minutes"},"schema":{"@context":"https:\/\/schema.org","@graph":[{"@type":"WebPage","@id":"https:\/\/kellytillage.com\/de\/brand-update\/","url":"https:\/\/kellytillage.com\/de\/brand-update\/","name":"Brand Update - Kelly Tillage Deutsch","isPartOf":{"@id":"https:\/\/kellytillage.com\/de\/#website"},"datePublished":"2023-01-03T22:20:24+00:00","dateModified":"2023-06-16T11:13:49+00:00","breadcrumb":{"@id":"https:\/\/kellytillage.com\/de\/brand-update\/#breadcrumb"},"inLanguage":"en-US","potentialAction":[{"@type":"ReadAction","target":["https:\/\/kellytillage.com\/de\/brand-update\/"]}]},{"@type":"BreadcrumbList","@id":"https:\/\/kellytillage.com\/de\/brand-update\/#breadcrumb","itemListElement":[{"@type":"ListItem","position":1,"name":"Home","item":"https:\/\/kellytillage.com\/de\/"},{"@type":"ListItem","position":2,"name":"Brand Update"}]},{"@type":"WebSite","@id":"https:\/\/kellytillage.com\/de\/#website","url":"https:\/\/kellytillage.com\/de\/","name":"Kelly Tillage Deutsch","description":"Better Tillage. Better Tomorrow - Custom Made Farm Implements","publisher":{"@id":"https:\/\/kellytillage.com\/de\/#organization"},"potentialAction":[{"@type":"SearchAction","target":{"@type":"EntryPoint","urlTemplate":"https:\/\/kellytillage.com\/de\/?s={search_term_string}"},"query-input":{"@type":"PropertyValueSpecification","valueRequired":true,"valueName":"search_term_string"}}],"inLanguage":"en-US"},{"@type":"Organization","@id":"https:\/\/kellytillage.com\/de\/#organization","name":"Kelly Tillage Deutsch","url":"https:\/\/kellytillage.com\/de\/","logo":{"@type":"ImageObject","inLanguage":"en-US","@id":"https:\/\/kellytillage.com\/de\/#\/schema\/logo\/image\/","url":"https:\/\/kellytillage.com\/de\/wp-content\/uploads\/sites\/28\/2021\/12\/cropped-kelly-transp-logo.png","contentUrl":"https:\/\/kellytillage.com\/de\/wp-content\/uploads\/sites\/28\/2021\/12\/cropped-kelly-transp-logo.png","width":134,"height":83,"caption":"Kelly Tillage Deutsch"},"image":{"@id":"https:\/\/kellytillage.com\/de\/#\/schema\/logo\/image\/"}}]}},"_links":{"self":[{"href":"https:\/\/kellytillage.com\/de\/wp-json\/wp\/v2\/pages\/19152","targetHints":{"allow":["GET"]}}],"collection":[{"href":"https:\/\/kellytillage.com\/de\/wp-json\/wp\/v2\/pages"}],"about":[{"href":"https:\/\/kellytillage.com\/de\/wp-json\/wp\/v2\/types\/page"}],"author":[{"embeddable":true,"href":"https:\/\/kellytillage.com\/de\/wp-json\/wp\/v2\/users\/993"}],"replies":[{"embeddable":true,"href":"https:\/\/kellytillage.com\/de\/wp-json\/wp\/v2\/comments?post=19152"}],"version-history":[{"count":19,"href":"https:\/\/kellytillage.com\/de\/wp-json\/wp\/v2\/pages\/19152\/revisions"}],"predecessor-version":[{"id":20778,"href":"https:\/\/kellytillage.com\/de\/wp-json\/wp\/v2\/pages\/19152\/revisions\/20778"}],"wp:attachment":[{"href":"https:\/\/kellytillage.com\/de\/wp-json\/wp\/v2\/media?parent=19152"}],"curies":[{"name":"wp","href":"https:\/\/api.w.org\/{rel}","templated":true}]}}