{"id":35,"date":"2021-12-13T17:15:58","date_gmt":"2021-12-13T17:15:58","guid":{"rendered":"https:\/\/kellytillage.tk\/eu\/?page_id=35"},"modified":"2025-02-05T02:36:45","modified_gmt":"2025-02-05T02:36:45","slug":"resources","status":"publish","type":"page","link":"https:\/\/kellytillage.com\/de\/resources\/","title":{"rendered":"Resources"},"content":{"rendered":"\t\t<div data-elementor-type=\"wp-page\" data-elementor-id=\"35\" class=\"elementor elementor-35\" data-elementor-settings=\"{&quot;element_pack_global_tooltip_width&quot;:{&quot;unit&quot;:&quot;px&quot;,&quot;size&quot;:&quot;&quot;,&quot;sizes&quot;:[]},&quot;element_pack_global_tooltip_width_tablet&quot;:{&quot;unit&quot;:&quot;px&quot;,&quot;size&quot;:&quot;&quot;,&quot;sizes&quot;:[]},&quot;element_pack_global_tooltip_width_mobile&quot;:{&quot;unit&quot;:&quot;px&quot;,&quot;size&quot;:&quot;&quot;,&quot;sizes&quot;:[]},&quot;element_pack_global_tooltip_padding&quot;:{&quot;unit&quot;:&quot;px&quot;,&quot;top&quot;:&quot;&quot;,&quot;right&quot;:&quot;&quot;,&quot;bottom&quot;:&quot;&quot;,&quot;left&quot;:&quot;&quot;,&quot;isLinked&quot;:true},&quot;element_pack_global_tooltip_padding_tablet&quot;:{&quot;unit&quot;:&quot;px&quot;,&quot;top&quot;:&quot;&quot;,&quot;right&quot;:&quot;&quot;,&quot;bottom&quot;:&quot;&quot;,&quot;left&quot;:&quot;&quot;,&quot;isLinked&quot;:true},&quot;element_pack_global_tooltip_padding_mobile&quot;:{&quot;unit&quot;:&quot;px&quot;,&quot;top&quot;:&quot;&quot;,&quot;right&quot;:&quot;&quot;,&quot;bottom&quot;:&quot;&quot;,&quot;left&quot;:&quot;&quot;,&quot;isLinked&quot;:true},&quot;element_pack_global_tooltip_border_radius&quot;:{&quot;unit&quot;:&quot;px&quot;,&quot;top&quot;:&quot;&quot;,&quot;right&quot;:&quot;&quot;,&quot;bottom&quot;:&quot;&quot;,&quot;left&quot;:&quot;&quot;,&quot;isLinked&quot;:true},&quot;element_pack_global_tooltip_border_radius_tablet&quot;:{&quot;unit&quot;:&quot;px&quot;,&quot;top&quot;:&quot;&quot;,&quot;right&quot;:&quot;&quot;,&quot;bottom&quot;:&quot;&quot;,&quot;left&quot;:&quot;&quot;,&quot;isLinked&quot;:true},&quot;element_pack_global_tooltip_border_radius_mobile&quot;:{&quot;unit&quot;:&quot;px&quot;,&quot;top&quot;:&quot;&quot;,&quot;right&quot;:&quot;&quot;,&quot;bottom&quot;:&quot;&quot;,&quot;left&quot;:&quot;&quot;,&quot;isLinked&quot;:true}}\" data-elementor-post-type=\"page\">\n\t\t\t\t\t\t<section class=\"elementor-section elementor-top-section elementor-element elementor-element-17d2b2ee elementor-section-content-bottom elementor-section-height-min-height elementor-section-boxed elementor-section-height-default elementor-section-items-middle\" data-id=\"17d2b2ee\" data-element_type=\"section\" data-settings=\"{&quot;background_background&quot;:&quot;classic&quot;}\">\n\t\t\t\t\t\t\t<div class=\"elementor-background-overlay\"><\/div>\n\t\t\t\t\t\t\t<div class=\"elementor-container elementor-column-gap-no\">\n\t\t\t\t\t<div class=\"elementor-column elementor-col-100 elementor-top-column elementor-element elementor-element-2170a23e\" data-id=\"2170a23e\" data-element_type=\"column\">\n\t\t\t<div class=\"elementor-widget-wrap elementor-element-populated\">\n\t\t\t\t\t\t<div class=\"elementor-element elementor-element-2af7ddf4 elementor-widget elementor-widget-heading\" data-id=\"2af7ddf4\" data-element_type=\"widget\" data-widget_type=\"heading.default\">\n\t\t\t\t<div class=\"elementor-widget-container\">\n\t\t\t\t\t<h2 class=\"elementor-heading-title elementor-size-default\">Ressourcen<\/h2>\t\t\t\t<\/div>\n\t\t\t\t<\/div>\n\t\t\t\t<div class=\"elementor-element elementor-element-64554ea elementor-widget-divider--view-line_icon elementor-view-default elementor-widget-divider--element-align-center elementor-widget elementor-widget-divider\" data-id=\"64554ea\" data-element_type=\"widget\" data-widget_type=\"divider.default\">\n\t\t\t\t<div class=\"elementor-widget-container\">\n\t\t\t\t\t\t\t<div class=\"elementor-divider\">\n\t\t\t<span class=\"elementor-divider-separator\">\n\t\t\t\t\t\t\t<div class=\"elementor-icon elementor-divider__element\">\n\t\t\t\t\t<i aria-hidden=\"true\" class=\"fas fa-tractor\"><\/i><\/div>\n\t\t\t\t\t\t<\/span>\n\t\t<\/div>\n\t\t\t\t\t\t<\/div>\n\t\t\t\t<\/div>\n\t\t\t\t\t<\/div>\n\t\t<\/div>\n\t\t\t\t\t<\/div>\n\t\t<\/section>\n\t\t\t\t<section class=\"elementor-section elementor-top-section elementor-element elementor-element-28bd3548 elementor-section-boxed elementor-section-height-default elementor-section-height-default\" data-id=\"28bd3548\" data-element_type=\"section\">\n\t\t\t\t\t\t<div class=\"elementor-container elementor-column-gap-default\">\n\t\t\t\t\t<div class=\"elementor-column elementor-col-50 elementor-top-column elementor-element elementor-element-69da2a97\" data-id=\"69da2a97\" data-element_type=\"column\" data-settings=\"{&quot;background_background&quot;:&quot;classic&quot;}\">\n\t\t\t<div class=\"elementor-widget-wrap elementor-element-populated\">\n\t\t\t\t\t\t<div class=\"elementor-element elementor-element-1311a0e elementor-widget elementor-widget-heading\" data-id=\"1311a0e\" data-element_type=\"widget\" data-widget_type=\"heading.default\">\n\t\t\t\t<div class=\"elementor-widget-container\">\n\t\t\t\t\t<h2 class=\"elementor-heading-title elementor-size-default\">Zugang f\u00fcr alle<\/h2>\t\t\t\t<\/div>\n\t\t\t\t<\/div>\n\t\t\t\t<div class=\"elementor-element elementor-element-26334fcf elementor-widget-divider--view-line_icon elementor-view-default elementor-widget-divider--element-align-center elementor-widget elementor-widget-divider\" data-id=\"26334fcf\" data-element_type=\"widget\" data-widget_type=\"divider.default\">\n\t\t\t\t<div class=\"elementor-widget-container\">\n\t\t\t\t\t\t\t<div class=\"elementor-divider\">\n\t\t\t<span class=\"elementor-divider-separator\">\n\t\t\t\t\t\t\t<div class=\"elementor-icon elementor-divider__element\">\n\t\t\t\t\t<i aria-hidden=\"true\" class=\"fas fa-tractor\"><\/i><\/div>\n\t\t\t\t\t\t<\/span>\n\t\t<\/div>\n\t\t\t\t\t\t<\/div>\n\t\t\t\t<\/div>\n\t\t\t\t<div class=\"elementor-element elementor-element-64fdba92 elementor-widget elementor-widget-spacer\" data-id=\"64fdba92\" data-element_type=\"widget\" data-widget_type=\"spacer.default\">\n\t\t\t\t<div class=\"elementor-widget-container\">\n\t\t\t\t\t\t\t<div class=\"elementor-spacer\">\n\t\t\t<div class=\"elementor-spacer-inner\"><\/div>\n\t\t<\/div>\n\t\t\t\t\t\t<\/div>\n\t\t\t\t<\/div>\n\t\t\t\t<div class=\"elementor-element elementor-element-7bdf7c6a elementor-position-inline-start elementor-view-default elementor-mobile-position-block-start elementor-widget elementor-widget-icon-box\" data-id=\"7bdf7c6a\" data-element_type=\"widget\" data-widget_type=\"icon-box.default\">\n\t\t\t\t<div class=\"elementor-widget-container\">\n\t\t\t\t\t\t\t<div class=\"elementor-icon-box-wrapper\">\n\n\t\t\t\t\t\t<div class=\"elementor-icon-box-icon\">\n\t\t\t\t<a href=\"https:\/\/kellytillage.com\/de\/machine-registration\/\" class=\"elementor-icon\" tabindex=\"-1\" aria-label=\"Registrierungsformular f\u00fcr Kundenmaschinen \">\n\t\t\t\t<i aria-hidden=\"true\" class=\"fab fa-wpforms\"><\/i>\t\t\t\t<\/a>\n\t\t\t<\/div>\n\t\t\t\n\t\t\t\t\t\t<div class=\"elementor-icon-box-content\">\n\n\t\t\t\t\t\t\t\t\t<h3 class=\"elementor-icon-box-title\">\n\t\t\t\t\t\t<a href=\"https:\/\/kellytillage.com\/de\/machine-registration\/\" >\n\t\t\t\t\t\t\tRegistrierungsformular f\u00fcr Kundenmaschinen \t\t\t\t\t\t<\/a>\n\t\t\t\t\t<\/h3>\n\t\t\t\t\n\t\t\t\t\n\t\t\t<\/div>\n\t\t\t\n\t\t<\/div>\n\t\t\t\t\t\t<\/div>\n\t\t\t\t<\/div>\n\t\t\t\t<div class=\"elementor-element elementor-element-3408d963 elementor-position-inline-start elementor-hidden-desktop elementor-hidden-tablet elementor-hidden-mobile elementor-view-default elementor-mobile-position-block-start elementor-widget elementor-widget-icon-box\" data-id=\"3408d963\" data-element_type=\"widget\" data-widget_type=\"icon-box.default\">\n\t\t\t\t<div class=\"elementor-widget-container\">\n\t\t\t\t\t\t\t<div class=\"elementor-icon-box-wrapper\">\n\n\t\t\t\t\t\t<div class=\"elementor-icon-box-icon\">\n\t\t\t\t<a href=\"https:\/\/kellytillage.com\/de\/savings-tool\/\" class=\"elementor-icon\" tabindex=\"-1\" aria-label=\"Werkzeug speichern\">\n\t\t\t\t<i aria-hidden=\"true\" class=\"fas fa-calculator\"><\/i>\t\t\t\t<\/a>\n\t\t\t<\/div>\n\t\t\t\n\t\t\t\t\t\t<div class=\"elementor-icon-box-content\">\n\n\t\t\t\t\t\t\t\t\t<h3 class=\"elementor-icon-box-title\">\n\t\t\t\t\t\t<a href=\"https:\/\/kellytillage.com\/de\/savings-tool\/\" >\n\t\t\t\t\t\t\tWerkzeug speichern\t\t\t\t\t\t<\/a>\n\t\t\t\t\t<\/h3>\n\t\t\t\t\n\t\t\t\t\n\t\t\t<\/div>\n\t\t\t\n\t\t<\/div>\n\t\t\t\t\t\t<\/div>\n\t\t\t\t<\/div>\n\t\t\t\t<div class=\"elementor-element elementor-element-40115cf elementor-position-inline-start elementor-view-default elementor-mobile-position-block-start elementor-widget elementor-widget-icon-box\" data-id=\"40115cf\" data-element_type=\"widget\" data-widget_type=\"icon-box.default\">\n\t\t\t\t<div class=\"elementor-widget-container\">\n\t\t\t\t\t\t\t<div class=\"elementor-icon-box-wrapper\">\n\n\t\t\t\t\t\t<div class=\"elementor-icon-box-icon\">\n\t\t\t\t<a href=\"https:\/\/kellytillage.com\/de\/parts-contact\/\" class=\"elementor-icon\" tabindex=\"-1\" aria-label=\"Ersatzteilkatalog\">\n\t\t\t\t<i aria-hidden=\"true\" class=\"fas fa-table\"><\/i>\t\t\t\t<\/a>\n\t\t\t<\/div>\n\t\t\t\n\t\t\t\t\t\t<div class=\"elementor-icon-box-content\">\n\n\t\t\t\t\t\t\t\t\t<h3 class=\"elementor-icon-box-title\">\n\t\t\t\t\t\t<a href=\"https:\/\/kellytillage.com\/de\/parts-contact\/\" >\n\t\t\t\t\t\t\tErsatzteilkatalog\t\t\t\t\t\t<\/a>\n\t\t\t\t\t<\/h3>\n\t\t\t\t\n\t\t\t\t\n\t\t\t<\/div>\n\t\t\t\n\t\t<\/div>\n\t\t\t\t\t\t<\/div>\n\t\t\t\t<\/div>\n\t\t\t\t<div class=\"elementor-element elementor-element-724c674d elementor-position-inline-start elementor-view-default elementor-mobile-position-block-start elementor-widget elementor-widget-icon-box\" data-id=\"724c674d\" data-element_type=\"widget\" data-widget_type=\"icon-box.default\">\n\t\t\t\t<div class=\"elementor-widget-container\">\n\t\t\t\t\t\t\t<div class=\"elementor-icon-box-wrapper\">\n\n\t\t\t\t\t\t<div class=\"elementor-icon-box-icon\">\n\t\t\t\t<a href=\"https:\/\/kellytillage.com\/de\/operating-instructions-manuals\/\" class=\"elementor-icon\" tabindex=\"-1\" aria-label=\"Betriebsanweisungen Handb\u00fccher\">\n\t\t\t\t<i aria-hidden=\"true\" class=\"fas fa-cogs\"><\/i>\t\t\t\t<\/a>\n\t\t\t<\/div>\n\t\t\t\n\t\t\t\t\t\t<div class=\"elementor-icon-box-content\">\n\n\t\t\t\t\t\t\t\t\t<h3 class=\"elementor-icon-box-title\">\n\t\t\t\t\t\t<a href=\"https:\/\/kellytillage.com\/de\/operating-instructions-manuals\/\" >\n\t\t\t\t\t\t\tBetriebsanweisungen Handb\u00fccher\t\t\t\t\t\t<\/a>\n\t\t\t\t\t<\/h3>\n\t\t\t\t\n\t\t\t\t\n\t\t\t<\/div>\n\t\t\t\n\t\t<\/div>\n\t\t\t\t\t\t<\/div>\n\t\t\t\t<\/div>\n\t\t\t\t<div class=\"elementor-element elementor-element-1209802d elementor-position-inline-start elementor-view-default elementor-mobile-position-block-start elementor-widget elementor-widget-icon-box\" data-id=\"1209802d\" data-element_type=\"widget\" data-widget_type=\"icon-box.default\">\n\t\t\t\t<div class=\"elementor-widget-container\">\n\t\t\t\t\t\t\t<div class=\"elementor-icon-box-wrapper\">\n\n\t\t\t\t\t\t<div class=\"elementor-icon-box-icon\">\n\t\t\t\t<a href=\"https:\/\/kellytillage.com\/de\/wp-content\/uploads\/sites\/5\/2022\/03\/Bernd-Richter-case-study.pdf\" class=\"elementor-icon\" tabindex=\"-1\" aria-label=\"Fallstudien\">\n\t\t\t\t<i aria-hidden=\"true\" class=\"fas fa-book-reader\"><\/i>\t\t\t\t<\/a>\n\t\t\t<\/div>\n\t\t\t\n\t\t\t\t\t\t<div class=\"elementor-icon-box-content\">\n\n\t\t\t\t\t\t\t\t\t<h3 class=\"elementor-icon-box-title\">\n\t\t\t\t\t\t<a href=\"https:\/\/kellytillage.com\/de\/wp-content\/uploads\/sites\/5\/2022\/03\/Bernd-Richter-case-study.pdf\" >\n\t\t\t\t\t\t\tFallstudien\t\t\t\t\t\t<\/a>\n\t\t\t\t\t<\/h3>\n\t\t\t\t\n\t\t\t\t\n\t\t\t<\/div>\n\t\t\t\n\t\t<\/div>\n\t\t\t\t\t\t<\/div>\n\t\t\t\t<\/div>\n\t\t\t\t<div class=\"elementor-element elementor-element-241cb7b elementor-position-inline-start elementor-hidden-desktop elementor-hidden-tablet elementor-hidden-mobile elementor-view-default elementor-mobile-position-block-start elementor-widget elementor-widget-icon-box\" data-id=\"241cb7b\" data-element_type=\"widget\" data-widget_type=\"icon-box.default\">\n\t\t\t\t<div class=\"elementor-widget-container\">\n\t\t\t\t\t\t\t<div class=\"elementor-icon-box-wrapper\">\n\n\t\t\t\t\t\t<div class=\"elementor-icon-box-icon\">\n\t\t\t\t<a href=\"https:\/\/kellytillage.com\/de\/parts-manuals\/\" class=\"elementor-icon\" tabindex=\"-1\" aria-label=\"Parts Manuals\">\n\t\t\t\t<i aria-hidden=\"true\" class=\"fas fa-border-style\"><\/i>\t\t\t\t<\/a>\n\t\t\t<\/div>\n\t\t\t\n\t\t\t\t\t\t<div class=\"elementor-icon-box-content\">\n\n\t\t\t\t\t\t\t\t\t<h3 class=\"elementor-icon-box-title\">\n\t\t\t\t\t\t<a href=\"https:\/\/kellytillage.com\/de\/parts-manuals\/\" >\n\t\t\t\t\t\t\tParts Manuals\t\t\t\t\t\t<\/a>\n\t\t\t\t\t<\/h3>\n\t\t\t\t\n\t\t\t\t\n\t\t\t<\/div>\n\t\t\t\n\t\t<\/div>\n\t\t\t\t\t\t<\/div>\n\t\t\t\t<\/div>\n\t\t\t\t<div class=\"elementor-element elementor-element-5fff67df elementor-position-inline-start elementor-view-default elementor-mobile-position-block-start elementor-widget elementor-widget-icon-box\" data-id=\"5fff67df\" data-element_type=\"widget\" data-widget_type=\"icon-box.default\">\n\t\t\t\t<div class=\"elementor-widget-container\">\n\t\t\t\t\t\t\t<div class=\"elementor-icon-box-wrapper\">\n\n\t\t\t\t\t\t<div class=\"elementor-icon-box-icon\">\n\t\t\t\t<a href=\"https:\/\/kellytillage.com\/de\/faq\/\" class=\"elementor-icon\" tabindex=\"-1\" aria-label=\"FAQ\">\n\t\t\t\t<i aria-hidden=\"true\" class=\"far fa-question-circle\"><\/i>\t\t\t\t<\/a>\n\t\t\t<\/div>\n\t\t\t\n\t\t\t\t\t\t<div class=\"elementor-icon-box-content\">\n\n\t\t\t\t\t\t\t\t\t<h3 class=\"elementor-icon-box-title\">\n\t\t\t\t\t\t<a href=\"https:\/\/kellytillage.com\/de\/faq\/\" >\n\t\t\t\t\t\t\tFAQ\t\t\t\t\t\t<\/a>\n\t\t\t\t\t<\/h3>\n\t\t\t\t\n\t\t\t\t\n\t\t\t<\/div>\n\t\t\t\n\t\t<\/div>\n\t\t\t\t\t\t<\/div>\n\t\t\t\t<\/div>\n\t\t\t\t\t<\/div>\n\t\t<\/div>\n\t\t\t\t<div class=\"elementor-column elementor-col-50 elementor-top-column elementor-element elementor-element-1115e474\" data-id=\"1115e474\" data-element_type=\"column\" data-settings=\"{&quot;background_background&quot;:&quot;classic&quot;}\">\n\t\t\t<div class=\"elementor-widget-wrap elementor-element-populated\">\n\t\t\t\t\t\t<div class=\"elementor-element elementor-element-6f612d93 elementor-widget elementor-widget-heading\" data-id=\"6f612d93\" data-element_type=\"widget\" data-widget_type=\"heading.default\">\n\t\t\t\t<div class=\"elementor-widget-container\">\n\t\t\t\t\t<h4 class=\"elementor-heading-title elementor-size-default\">Nur H\u00e4ndler<\/h4>\t\t\t\t<\/div>\n\t\t\t\t<\/div>\n\t\t\t\t<div class=\"elementor-element elementor-element-73bce583 elementor-widget-divider--view-line_icon elementor-view-default elementor-widget-divider--element-align-center elementor-widget elementor-widget-divider\" data-id=\"73bce583\" data-element_type=\"widget\" data-widget_type=\"divider.default\">\n\t\t\t\t<div class=\"elementor-widget-container\">\n\t\t\t\t\t\t\t<div class=\"elementor-divider\">\n\t\t\t<span class=\"elementor-divider-separator\">\n\t\t\t\t\t\t\t<div class=\"elementor-icon elementor-divider__element\">\n\t\t\t\t\t<i aria-hidden=\"true\" class=\"fas fa-tractor\"><\/i><\/div>\n\t\t\t\t\t\t<\/span>\n\t\t<\/div>\n\t\t\t\t\t\t<\/div>\n\t\t\t\t<\/div>\n\t\t\t\t<div class=\"elementor-element elementor-element-d8e542d elementor-widget elementor-widget-tp-protected-content\" data-id=\"d8e542d\" data-element_type=\"widget\" data-widget_type=\"tp-protected-content.default\">\n\t\t\t\t<div class=\"elementor-widget-container\">\n\t\t\t\t\t<div class=\"plus_pc_wrapper\"><div class=\"theplus-protected-content \">\t\t<div class=\"theplus-pc-message \">\n\t\t\t\t\t\t\t\t<div class=\"theplus-pc-message-text\"><p>Sie haben keine Berechtigung, diesen Inhalt zu sehen.<\/p><p>Bitte melden Sie sich \u00fcber die Schaltfl\u00e4che LOGIN oben auf der Website an.<\/p><\/div>\n\t\t\t\t\t\t\t<\/div>  \n\t\t<\/div>\t\t<\/div>\n\t\t\t\t\t\t<\/div>\n\t\t\t\t<\/div>\n\t\t\t\t\t<\/div>\n\t\t<\/div>\n\t\t\t\t\t<\/div>\n\t\t<\/section>\n\t\t\t\t<\/div>\n\t\t","protected":false},"excerpt":{"rendered":"<p>Ressourcen Zugang f\u00fcr alle Registrierungsformular f\u00fcr Kundenmaschinen Werkzeug speichern Ersatzteilkatalog Betriebsanweisungen Handb\u00fccher Fallstudien Parts Manuals FAQ Nur H\u00e4ndler Sie haben keine Berechtigung, diesen Inhalt zu sehen. Bitte melden Sie sich \u00fcber die Schaltfl\u00e4che LOGIN oben auf der Website an.<\/p>\n","protected":false},"author":6,"featured_media":0,"parent":0,"menu_order":0,"comment_status":"closed","ping_status":"closed","template":"","meta":{"footnotes":""},"class_list":["post-35","page","type-page","status-publish","hentry"],"yoast_head":"<!-- This site is optimized with the Yoast SEO Premium plugin v20.8 (Yoast SEO v27.2) - https:\/\/yoast.com\/product\/yoast-seo-premium-wordpress\/ -->\n<title>Resources - Kelly Tillage Deutsch<\/title>\n<meta name=\"robots\" content=\"index, follow, max-snippet:-1, max-image-preview:large, max-video-preview:-1\" \/>\n<link rel=\"canonical\" href=\"https:\/\/kellytillage.com\/de\/resources\/\" \/>\n<meta property=\"og:locale\" content=\"en_US\" \/>\n<meta property=\"og:type\" content=\"article\" \/>\n<meta property=\"og:title\" content=\"Resources\" \/>\n<meta property=\"og:description\" content=\"Ressourcen Zugang f\u00fcr alle Registrierungsformular f\u00fcr Kundenmaschinen Werkzeug speichern Ersatzteilkatalog Betriebsanweisungen Handb\u00fccher Fallstudien Parts Manuals FAQ Nur H\u00e4ndler Sie haben keine Berechtigung, diesen Inhalt zu sehen. Bitte melden Sie sich \u00fcber die Schaltfl\u00e4che LOGIN oben auf der Website an.\" \/>\n<meta property=\"og:url\" content=\"https:\/\/kellytillage.com\/de\/resources\/\" \/>\n<meta property=\"og:site_name\" content=\"Kelly Tillage Deutsch\" \/>\n<meta property=\"article:modified_time\" content=\"2025-02-05T02:36:45+00:00\" \/>\n<meta property=\"og:image\" content=\"https:\/\/kellytillage.com\/de\/wp-content\/uploads\/sites\/28\/2021\/12\/kelly-transp-logo.png\" \/>\n\t<meta property=\"og:image:width\" content=\"197\" \/>\n\t<meta property=\"og:image:height\" content=\"130\" \/>\n\t<meta property=\"og:image:type\" content=\"image\/png\" \/>\n<meta name=\"twitter:card\" content=\"summary_large_image\" \/>\n<meta name=\"twitter:label1\" content=\"Est. reading time\" \/>\n\t<meta name=\"twitter:data1\" content=\"1 minute\" \/>\n<script type=\"application\/ld+json\" class=\"yoast-schema-graph\">{\"@context\":\"https:\/\/schema.org\",\"@graph\":[{\"@type\":\"WebPage\",\"@id\":\"https:\/\/kellytillage.com\/de\/resources\/\",\"url\":\"https:\/\/kellytillage.com\/de\/resources\/\",\"name\":\"Resources - Kelly Tillage Deutsch\",\"isPartOf\":{\"@id\":\"https:\/\/kellytillage.com\/de\/#website\"},\"datePublished\":\"2021-12-13T17:15:58+00:00\",\"dateModified\":\"2025-02-05T02:36:45+00:00\",\"breadcrumb\":{\"@id\":\"https:\/\/kellytillage.com\/de\/resources\/#breadcrumb\"},\"inLanguage\":\"en-US\",\"potentialAction\":[{\"@type\":\"ReadAction\",\"target\":[\"https:\/\/kellytillage.com\/de\/resources\/\"]}]},{\"@type\":\"BreadcrumbList\",\"@id\":\"https:\/\/kellytillage.com\/de\/resources\/#breadcrumb\",\"itemListElement\":[{\"@type\":\"ListItem\",\"position\":1,\"name\":\"Home\",\"item\":\"https:\/\/kellytillage.com\/de\/\"},{\"@type\":\"ListItem\",\"position\":2,\"name\":\"Resources\"}]},{\"@type\":\"WebSite\",\"@id\":\"https:\/\/kellytillage.com\/de\/#website\",\"url\":\"https:\/\/kellytillage.com\/de\/\",\"name\":\"Kelly Tillage Deutsch\",\"description\":\"Better Tillage. Better Tomorrow - Custom Made Farm Implements\",\"publisher\":{\"@id\":\"https:\/\/kellytillage.com\/de\/#organization\"},\"potentialAction\":[{\"@type\":\"SearchAction\",\"target\":{\"@type\":\"EntryPoint\",\"urlTemplate\":\"https:\/\/kellytillage.com\/de\/?s={search_term_string}\"},\"query-input\":{\"@type\":\"PropertyValueSpecification\",\"valueRequired\":true,\"valueName\":\"search_term_string\"}}],\"inLanguage\":\"en-US\"},{\"@type\":\"Organization\",\"@id\":\"https:\/\/kellytillage.com\/de\/#organization\",\"name\":\"Kelly Tillage Deutsch\",\"url\":\"https:\/\/kellytillage.com\/de\/\",\"logo\":{\"@type\":\"ImageObject\",\"inLanguage\":\"en-US\",\"@id\":\"https:\/\/kellytillage.com\/de\/#\/schema\/logo\/image\/\",\"url\":\"https:\/\/kellytillage.com\/de\/wp-content\/uploads\/sites\/28\/2021\/12\/cropped-kelly-transp-logo.png\",\"contentUrl\":\"https:\/\/kellytillage.com\/de\/wp-content\/uploads\/sites\/28\/2021\/12\/cropped-kelly-transp-logo.png\",\"width\":134,\"height\":83,\"caption\":\"Kelly Tillage Deutsch\"},\"image\":{\"@id\":\"https:\/\/kellytillage.com\/de\/#\/schema\/logo\/image\/\"}}]}<\/script>\n<!-- \/ Yoast SEO Premium plugin. -->","yoast_head_json":{"title":"Resources - Kelly Tillage Deutsch","robots":{"index":"index","follow":"follow","max-snippet":"max-snippet:-1","max-image-preview":"max-image-preview:large","max-video-preview":"max-video-preview:-1"},"canonical":"https:\/\/kellytillage.com\/de\/resources\/","og_locale":"en_US","og_type":"article","og_title":"Resources","og_description":"Ressourcen Zugang f\u00fcr alle Registrierungsformular f\u00fcr Kundenmaschinen Werkzeug speichern Ersatzteilkatalog Betriebsanweisungen Handb\u00fccher Fallstudien Parts Manuals FAQ Nur H\u00e4ndler Sie haben keine Berechtigung, diesen Inhalt zu sehen. Bitte melden Sie sich \u00fcber die Schaltfl\u00e4che LOGIN oben auf der Website an.","og_url":"https:\/\/kellytillage.com\/de\/resources\/","og_site_name":"Kelly Tillage Deutsch","article_modified_time":"2025-02-05T02:36:45+00:00","og_image":[{"width":197,"height":130,"url":"https:\/\/kellytillage.com\/de\/wp-content\/uploads\/sites\/28\/2021\/12\/kelly-transp-logo.png","type":"image\/png"}],"twitter_card":"summary_large_image","twitter_misc":{"Est. reading time":"1 minute"},"schema":{"@context":"https:\/\/schema.org","@graph":[{"@type":"WebPage","@id":"https:\/\/kellytillage.com\/de\/resources\/","url":"https:\/\/kellytillage.com\/de\/resources\/","name":"Resources - Kelly Tillage Deutsch","isPartOf":{"@id":"https:\/\/kellytillage.com\/de\/#website"},"datePublished":"2021-12-13T17:15:58+00:00","dateModified":"2025-02-05T02:36:45+00:00","breadcrumb":{"@id":"https:\/\/kellytillage.com\/de\/resources\/#breadcrumb"},"inLanguage":"en-US","potentialAction":[{"@type":"ReadAction","target":["https:\/\/kellytillage.com\/de\/resources\/"]}]},{"@type":"BreadcrumbList","@id":"https:\/\/kellytillage.com\/de\/resources\/#breadcrumb","itemListElement":[{"@type":"ListItem","position":1,"name":"Home","item":"https:\/\/kellytillage.com\/de\/"},{"@type":"ListItem","position":2,"name":"Resources"}]},{"@type":"WebSite","@id":"https:\/\/kellytillage.com\/de\/#website","url":"https:\/\/kellytillage.com\/de\/","name":"Kelly Tillage Deutsch","description":"Better Tillage. Better Tomorrow - Custom Made Farm Implements","publisher":{"@id":"https:\/\/kellytillage.com\/de\/#organization"},"potentialAction":[{"@type":"SearchAction","target":{"@type":"EntryPoint","urlTemplate":"https:\/\/kellytillage.com\/de\/?s={search_term_string}"},"query-input":{"@type":"PropertyValueSpecification","valueRequired":true,"valueName":"search_term_string"}}],"inLanguage":"en-US"},{"@type":"Organization","@id":"https:\/\/kellytillage.com\/de\/#organization","name":"Kelly Tillage Deutsch","url":"https:\/\/kellytillage.com\/de\/","logo":{"@type":"ImageObject","inLanguage":"en-US","@id":"https:\/\/kellytillage.com\/de\/#\/schema\/logo\/image\/","url":"https:\/\/kellytillage.com\/de\/wp-content\/uploads\/sites\/28\/2021\/12\/cropped-kelly-transp-logo.png","contentUrl":"https:\/\/kellytillage.com\/de\/wp-content\/uploads\/sites\/28\/2021\/12\/cropped-kelly-transp-logo.png","width":134,"height":83,"caption":"Kelly Tillage Deutsch"},"image":{"@id":"https:\/\/kellytillage.com\/de\/#\/schema\/logo\/image\/"}}]}},"_links":{"self":[{"href":"https:\/\/kellytillage.com\/de\/wp-json\/wp\/v2\/pages\/35","targetHints":{"allow":["GET"]}}],"collection":[{"href":"https:\/\/kellytillage.com\/de\/wp-json\/wp\/v2\/pages"}],"about":[{"href":"https:\/\/kellytillage.com\/de\/wp-json\/wp\/v2\/types\/page"}],"author":[{"embeddable":true,"href":"https:\/\/kellytillage.com\/de\/wp-json\/wp\/v2\/users\/6"}],"replies":[{"embeddable":true,"href":"https:\/\/kellytillage.com\/de\/wp-json\/wp\/v2\/comments?post=35"}],"version-history":[{"count":69,"href":"https:\/\/kellytillage.com\/de\/wp-json\/wp\/v2\/pages\/35\/revisions"}],"predecessor-version":[{"id":21770,"href":"https:\/\/kellytillage.com\/de\/wp-json\/wp\/v2\/pages\/35\/revisions\/21770"}],"wp:attachment":[{"href":"https:\/\/kellytillage.com\/de\/wp-json\/wp\/v2\/media?parent=35"}],"curies":[{"name":"wp","href":"https:\/\/api.w.org\/{rel}","templated":true}]}}