{"id":568,"date":"2021-12-14T13:22:01","date_gmt":"2021-12-14T13:22:01","guid":{"rendered":"https:\/\/kellytillage.tk\/eu\/?page_id=568"},"modified":"2023-06-08T13:39:12","modified_gmt":"2023-06-08T13:39:12","slug":"faq","status":"publish","type":"page","link":"https:\/\/kellytillage.com\/de\/faq\/","title":{"rendered":"FAQ"},"content":{"rendered":"<h2>FAQ<\/h2>\n<p><iframe title=\"Correct KELLY Disc Chain Setup | KELLY FAQ Series\" width=\"800\" height=\"450\" src=\"https:\/\/www.youtube.com\/embed\/2x1elQmwuc4?feature=oembed\" frameborder=\"0\" allow=\"accelerometer; autoplay; clipboard-write; encrypted-media; gyroscope; picture-in-picture; web-share\" allowfullscreen><\/iframe><br \/>\n<iframe title=\"KELLY Chain Maintenance and General Upkeep | KELLY FAQ Series\" width=\"800\" height=\"450\" src=\"https:\/\/www.youtube.com\/embed\/d-2slKnNmNw?feature=oembed\" frameborder=\"0\" allow=\"accelerometer; autoplay; clipboard-write; encrypted-media; gyroscope; picture-in-picture; web-share\" allowfullscreen><\/iframe><br \/>\n<iframe title=\"Setting the Hydraulic Fold Sequence | KELLY FAQ Series\" width=\"800\" height=\"450\" src=\"https:\/\/www.youtube.com\/embed\/78bqYhzPGoU?feature=oembed\" frameborder=\"0\" allow=\"accelerometer; autoplay; clipboard-write; encrypted-media; gyroscope; picture-in-picture; web-share\" allowfullscreen><\/iframe><br \/>\n<iframe title=\"Which Disc Chain is Right for Me? | Kelly FAQ Series\" width=\"800\" height=\"450\" src=\"https:\/\/www.youtube.com\/embed\/nVRgbzkndK0?feature=oembed\" frameborder=\"0\" allow=\"accelerometer; autoplay; clipboard-write; encrypted-media; gyroscope; picture-in-picture; web-share\" allowfullscreen><\/iframe><\/p>\n<h2>Wo befindet sich die Seriennummer auf meinem Ger\u00e4t?<\/h2>\n<p>Die Seriennummer befindet sich auf dem Typenschild, das an der Vorderseite der Maschine angebracht ist. Bei \u00e4lteren Maschinen ist die Nummer in die Verbindungsplatten auf der linken Seite, wo der Hauptzug mit dem Mittelrahmen verbunden ist, oder auf die Befestigungsplatte des Haupthydraulikzylinders am Mittelrahmen eingepr\u00e4gt.<\/p>\n<h3 style=\"font-size: 25px\">Woher wei\u00df ich, welches Jahr\/Modell meine Maschine hat?<\/h3>\n<p>Die zweite und dritte Zahl in der Seriennummer bezieht sich auf das Jahr, in dem die Maschine hergestellt wurde, z. B. 121012-4012 ist eine Maschine, die im Haushaltsjahr 2020-2021 gebaut wurde. Die Zahlen nach dem &#8211; beziehen sich auf das Modell, z. B. 121012-4012 ist eine Maschine des Modells 4012.<\/p>\n<h3 style=\"font-size: 25px\">Ich habe Probleme mit dem Falten meiner Maschine?<\/h3>\n<ul>\n<li>Siehe Abschnitt &#8220;Fehlersuche&#8221; im Kapitel &#8220;Hydraulik&#8221; der <a href=\"https:\/\/kellytillage.com\/de\/operating-instructions-manuals\/\" target=\"_blank\" rel=\"noopener noreferrer\">Betriebsanleitung<\/a>.<\/li>\n<li>\u00dcberpr\u00fcfen Sie, dass die Scheiben nicht an S\u00e4tteln oder Transportst\u00fctzen h\u00e4ngen bleiben.<\/li>\n<li>Pr\u00fcfen Sie, ob die Hydraulikschl\u00e4uche richtig an den Traktor angeschlossen sind.<\/li>\n<li>\u00dcberpr\u00fcfen Sie die Durchflusseinstellung und die Transportsicherung an der Hydrauliksteuerung des Traktors.<\/li>\n<li>\u00dcberpr\u00fcfen Sie die Spitzen der Schl\u00e4uche. Eine defekte Spitze verhindert, dass \u00d6l zum Traktor zur\u00fcckflie\u00dft.<\/li>\n<li>Stellen Sie sicher, dass sich kein \u00fcbersch\u00fcssiger Schlamm in den Ketten befindet. Meine Hydraulik funktioniert nicht richtig?<\/li>\n<li>Lesen Sie den Abschnitt zur Fehlersuche im Hydraulikkapitel der <a href=\"https:\/\/kellytillage.com\/de\/operating-instructions-manuals\/\" target=\"_blank\" rel=\"noopener noreferrer\">Betriebsanleitung<\/a>.<\/li>\n<\/ul>\n<h3 style=\"font-size: 25px\">Kann ich direkt bei Ihnen kaufen oder muss ich \u00fcber einen H\u00e4ndler gehen?<\/h3>\n<p>Wir haben an vielen Orten Beziehungen zu H\u00e4ndlern. Bitte kaufen Sie, wo immer dies m\u00f6glich ist, \u00fcber diese. Wenn Sie keinen H\u00e4ndler finden, der Ihren Anforderungen entspricht, <a href=\"https:\/\/kellytillage.com\/de\/contact\/\">kontaktieren Sie uns bitte bei Kelly Tillage<\/a>. Um den n\u00e4chstgelegenen H\u00e4ndler zu finden, sehen Sie sich die Karte <a href=\"https:\/\/kellytillage.com\/de\/contact\/\">hier<\/a> an.<\/p>\n<h3>Wie zieht man die Drehgelenke auseinander? Bitte erkl\u00e4ren Sie uns das Verfahren.<\/h3>\n<p>Die Drehgelenke k\u00f6nnen gewartet werden. Eine ausf\u00fchrliche Anleitung <a href=\"https:\/\/kellytillage.com\/de\/wp-content\/uploads\/sites\/5\/2022\/03\/Swivel-Rebuild-Instructions-1.2-1.pdf\">finden Sie in der Anleitung<\/a> zum Umbau des Drehgelenks auf unserer Website oder <a href=\"https:\/\/www.youtube.com\/watch?v=J4JNLZMNzuo&amp;feature=youtu.be\">in dem beigef\u00fcgten Video<\/a>.<\/p>\n<h3 style=\"font-size: 25px\">K\u00f6nnen wir Hydraulikzylinder wiederherstellen?<\/h3>\n<p>Wir k\u00f6nnen Zylinder unter Verwendung von Originaldichtungen und -komponenten \u00fcberholen. Die meisten kompetenten H\u00e4ndlerwerkst\u00e4tten k\u00f6nnen Zylinder warten, und auch viele landwirtschaftliche Werkst\u00e4tten sind in der Lage, diese Aufgabe zu \u00fcbernehmen.<\/p>\n<h3 style=\"font-size: 25px\">Habe ich die Ketten\/Scheiben verkehrt herum aufgelegt?<\/h3>\n<p>Die Scheibenketten sind so konzipiert, dass die konkave Seite der Scheibe nach vorne zeigt.<\/p>\n<p>Die Stachelscheibenkette soll mit der konvexen Seite der Scheibe nach vorne laufen, damit sie weniger aggressiv ist.<\/p>\n<p>Die Stachelkette sollte so montiert werden, dass die gebogene Tyne von der Rotation der Kette wegzeigt. Dies erleichtert die Selbstreinigung.<\/p>\n<h3 style=\"font-size: 25px\">Mit welcher Geschwindigkeit sollte man am besten fahren?<\/h3>\n<p>Dies h\u00e4ngt mehr vom Scheibentyp und der Bodenart als von der Maschinengr\u00f6\u00dfe ab.<\/p>\n<ul>\n<li>Spike disc und prickle chain, bis zu 16 kph<\/li>\n<li>W36 und R300 welded discs, 12-16 kph<\/li>\n<li>CL1 Gr\u00fcn cast discs, 10-14 kph<\/li>\n<li>CL2 Cutting Discs, 8-12 kph<\/li>\n<\/ul>\n<h3 style=\"font-size: 25px\">Kann ich eine Kelly-Kette auf eine andere Maschine montieren?<\/h3>\n<p>Technisch gesehen ja. Die meisten Diamanteggen sind jedoch f\u00fcr Stachelketten ausgelegt und k\u00f6nnen unter der zus\u00e4tzlichen Belastung durch die Kelly Disc-Ketten leiden. Die Kelly-Diamant-Egge wurde speziell f\u00fcr die Kelly-Scheibenketten entwickelt und garantiert.<\/p>\n<h3 style=\"font-size: 25px\">Welche Lager ben\u00f6tige ich, um das Schwenklager zu wechseln?<\/h3>\n<p>Wir empfehlen einen Umbausatz, der eine Ersatzwelle, eine Dichtung und Lager enth\u00e4lt, wenn Sie Ihre Schwenklagereinheiten \u00fcberholen. Diese Kits sind als Ersatzteile bei Ihrem H\u00e4ndler erh\u00e4ltlich.<\/p>\n<h3 style=\"font-size: 25px\">Wo befindet sich die Lagernummer f\u00fcr das Drehgelenk?<\/h3>\n<p>Sie finden die Lagernummer im Ersatzteilhandbuch. Wir verwenden metrische Rillenkugellager. Verwenden Sie nur qualitativ hochwertige Lager, da minderwertige Typen vorzeitig ausfallen, wenn sie wieder in Betrieb genommen werden.<\/p>\n<h3 style=\"font-size: 25px\">Muss ich das Heck beim Wenden anheben?<\/h3>\n<ul>\n<li>Nein, das ist nicht n\u00f6tig.<\/li>\n<li>Die Ladebordwand ist bei sehr kurzen Wendeman\u00f6vern von Vorteil, da sie verhindert, dass beim Wenden eine Furche gezogen wird.<\/li>\n<li>Es ist v\u00f6llig in Ordnung, mit der gesamten Maschine in Arbeitsposition zu wenden.<\/li>\n<li>Bei schweren R\u00fcckst\u00e4nden kann es notwendig sein, das Heck anzuheben, um eine Blockierung beim kurzen Wenden zu vermeiden.<\/li>\n<li>Es kann sinnvoll sein, auch die Front anzuheben, ist aber nicht notwendig.<\/li>\n<\/ul>\n<h3 style=\"font-size: 25px\">Warum bleibt am Rande meiner Arbeitsbreite ein Grat im Feld zur\u00fcck?<\/h3>\n<p>Die Schwenkh\u00f6he an der Vorderseite des hinteren Scheibensatzes ist zu niedrig. Die vordere Scheibe gr\u00e4bt zu viel und muss durch Verschieben der Abstandshalter am Fallbein nach oben eingestellt werden, damit sie sich \u00fcber dem Rahmen befindet. Siehe <a href=\"https:\/\/kellytillage.com\/de\/operating-instructions-manuals\/\">Bedienungsanleitung <\/a> f\u00fcr die Einstellung.<\/p>\n<h3 style=\"font-size: 25px\">Warum bleibt in der Mitte meiner Maschine ein Grat zur\u00fcck?<\/h3>\n<p>Die Scheiben an der Vorderseite Ihrer Maschine sind zu niedrig und arbeiten zu aggressiv. Stellen Sie den Hauptzug auf Bodenh\u00f6he ein und setzen Sie die Tiefenanschl\u00e4ge am Zungenzylinder ein. Heben Sie die vorderen Schwenkr\u00e4der an, indem Sie die H\u00f6henverstellketten verk\u00fcrzen. Einzelheiten finden Sie in der <a href=\"https:\/\/kellytillage.com\/de\/operating-instructions-manuals\/\">Betriebsanleitung <\/a>.<\/p>\n<h3 style=\"font-size: 25px\">Warum bildet sich etwa einen Meter seitlich der Mittellinie meiner Maschine nach dem Durchfahren des Feldes ein Grat?<\/h3>\n<p>Die Vorderkante der kurzen Modulkette ist zu niedrig und gr\u00e4bt aggressiv. Heben Sie die vordere Scheibe an, indem Sie die H\u00f6henverstellkette verk\u00fcrzen. Einzelheiten finden Sie im <a href=\"https:\/\/kellytillage.com\/de\/operating-instructions-manuals\/\">Benutzerhandbuch<\/a>.<\/p>\n<h3 style=\"font-size: 25px\">Warum ist in der Mitte meiner Maschine ein unbearbeiteter Streifen zu sehen?<\/h3>\n<p>Die Front ist zu niedrig. Obwohl dies ungew\u00f6hnlich klingt, entsteht dadurch ein H\u00fcgel in der Mittellinie. Die Modulketten arbeiten sich durch diesen hindurch und die hinteren Ketten r\u00e4umen den Boden weg, so dass der urspr\u00fcngliche unbearbeitete Streifen frei liegt. Heben Sie die Vorderseite an, damit die Module effektiv arbeiten k\u00f6nnen. Heben Sie das Heck so weit an, dass es gerade noch die von den Lenkr\u00e4dern hinterlassene Radspur bedeckt.<\/p>\n<h3 style=\"font-size: 25px\">F\u00fcllt die Diamant-Egge Radspuren auf?<\/h3>\n<p>Ja. Die Links- und Rechtsbewegung des Bodens durch die beiden Scheibengruppen f\u00fcllt Spurrillen und ebnet den Boden ein.<\/p>\n<h3 style=\"font-size: 25px\">Wie zerkleinert die Rautenegge R\u00fcckst\u00e4nde?<\/h3>\n<p>Die Scheiben sind in den meisten F\u00e4llen recht stumpf und dienen dazu, die Stoppeln zu zerdr\u00fccken und zu spalten.<\/p>\n<p>Lose Erde wird mit den R\u00fcckst\u00e4nden vermischt, wodurch Mikroben in die zerkleinerten Stoppeln gelangen und ein ideales Umfeld f\u00fcr die Zersetzung geschaffen wird.<\/p>\n<p>Die Scheibenketten beschleunigen die Zersetzung, anstatt die Stoppeln zu zerschneiden.<\/p>\n<p>Dies ist \u00e4u\u00dferst effizient und nutzt die Zeit zwischen Ernte und Aussaat optimal aus, so dass Zeit und Energie optimal eingesetzt werden k\u00f6nnen.<\/p>\n<h3 style=\"font-size: 25px\">Was passiert, wenn meine Arbeitsgeschwindigkeit zu hoch ist?<\/h3>\n<ul>\n<li>Bei Geschwindigkeiten, die h\u00f6her sind als die f\u00fcr die jeweiligen Bedingungen empfohlenen:\n<ul>\n<li>Schlechte Leistung, da sich die Scheiben drehen oder \u00fcber den Boden gleiten.<\/li>\n<li>Aufprall der Maschine. Dies hinterl\u00e4sst eine Riffelung auf der Oberfl\u00e4che, die die Leistung der Legemaschine und den Komfort des Fahrers bei Arbeiten nach der Scheibenkette beeintr\u00e4chtigt.<\/li>\n<li>Sobald Riffelungen hinter der Maschine festgestellt werden, muss eine neue, langsamere Arbeitsgeschwindigkeit gew\u00e4hlt werden. Verlangsamen.<\/li>\n<\/ul>\n<\/li>\n<\/ul>\n<h3 style=\"font-size: 25px\">Wie viel Spannung sollten meine Ketten haben?<\/h3>\n<ul>\n<li>Die richtige Spannung ist sehr wichtig.<\/li>\n<li>Die Ketten sollten beim Arbeiten nicht mehr als 12\u2033 oder 30cm durchh\u00e4ngen.<\/li>\n<li>Aufkleber zeigen die korrekte Einstellung der Spannfeder auf jeder Kette an.<\/li>\n<li>Lose Ketten verschlei\u00dfen vorzeitig in den Gliedern.<\/li>\n<li>Lose Ketten bewirken eine ungleichm\u00e4\u00dfige Leistung \u00fcber die gesamte Breite der Maschine.<\/li>\n<li>Lose Ketten rasten beim Zusammenklappen nicht in ihre Transporthalterungen ein und k\u00f6nnen beim Ausklappen Sch\u00e4den an der Maschine verursachen, wenn sie sich am Rahmen verfangen.<\/li>\n<\/ul>\n<h3 style=\"font-size: 25px\">Was passiert, wenn die Maschine beginnt, in einer nicht korrekten Reihenfolge zu falten oder zu entfalten?<\/h3>\n<ul>\n<li>Bediener m\u00fcssen arbeiten! Beobachten und verstehen Sie, wie der korrekte Klappvorgang aussieht, damit Sie einen Fehler erkennen k\u00f6nnen.<\/li>\n<li>Sobald Sie eine Unregelm\u00e4\u00dfigkeit in der Falt- oder Entfaltungssequenz feststellen, stoppen Sie den Hydraulikfluss, indem Sie den Steuerhebel oder Schalter loslassen.<\/li>\n<li>Kehren Sie den Durchfluss um, um die Maschine auf die letzte &#8220;richtige&#8221; Stufe zur\u00fcckzusetzen.<\/li>\n<li>Bet\u00e4tigen Sie den Hebel vorsichtig und versuchen Sie es erneut.<\/li>\n<li>Wenn der Fehler erneut auftritt, steigen Sie aus dem Traktor aus und untersuchen Sie die Maschine auf \u00fcbersch\u00fcssigen Schlamm in den Ketten oder mechanische Unregelm\u00e4\u00dfigkeiten, die das Problem verursachen k\u00f6nnten.<\/li>\n<li>Ist dies nicht der Fall, kann eine Einstellung des Sequenzventils erforderlich sein.<\/li>\n<li>Achten Sie darauf, dass die \u00e4u\u00dferen Fl\u00fcgelspitzen unter keinen Umst\u00e4nden zusammensto\u00dfen.<\/li>\n<\/ul>\n<h3 style=\"font-size: 25px\">Was ist so toll an einem Kelly-Saatbeet?<\/h3>\n<ul>\n<li>Das von der Kelly-Diamant-Egge geschaffene Saatbett weist folgende Merkmale und Vorteile auf:\n<ul>\n<li>Ein fester, feuchter Boden, in den das Saatgut gelegt werden kann.<\/li>\n<li>Keine Ver\u00e4nderung der Bodendichte unter den entstehenden Wurzeln. Dies f\u00f6rdert ein starkes Wurzelwachstum nach unten und nicht zur Seite hin.<\/li>\n<li>Ein flacher Bereich mit lockerer Bodenkrume f\u00fcr einen guten Kontakt zwischen Saatgut und Boden.<\/li>\n<li>Eine Barriere f\u00fcr die Kapillarwirkung, die den Boden austrocknet.<\/li>\n<li>Eine Schicht aus Mulchresten auf der Oberfl\u00e4che.\n<ul>\n<li>Schutz des Bodens vor Tr\u00f6pfchenverdichtung.<\/li>\n<li>Mulchen und Bewahren der Feuchtigkeit.<\/li>\n<li>Verringerung von Windeinwirkung und Verdunstung.<\/li>\n<\/ul>\n<\/li>\n<li>Glatte, ebene Oberfl\u00e4che, die eine bessere Leistung der Pflanzmaschine f\u00f6rdert.\n<ul>\n<li>H\u00f6here Genauigkeit bei der Saatgutablage.<\/li>\n<li>Geringerer Verschlei\u00df der Legemaschine.<\/li>\n<li>\u2022 H\u00f6here Legegeschwindigkeiten bedeuten mehr Fl\u00e4che pro Tag und mehr Ernte zum optimalen Zeitpunkt.<\/li>\n<\/ul>\n<\/li>\n<li>Vollst\u00e4ndige Unkrautbek\u00e4mpfung, Einsparung von Herbiziden.<\/li>\n<li>Integriertes Unkrautmanagement zur Kontrolle von Herbizidresistenzen.<\/li>\n<li>Niedrigste Kosten f\u00fcr die Saatbettbereitung.\n<ul>\n<li>Geringer Kraftstoffverbrauch pro Hektar.<\/li>\n<li>Niedrige Arbeitskosten pro Hektar.<\/li>\n<li>Sehr niedrige Betriebs- und Verschlei\u00dfkosten pro Hektar.<\/li>\n<\/ul>\n<\/li>\n<\/ul>\n<\/li>\n<\/ul>\n","protected":false},"excerpt":{"rendered":"<p>FAQ Wo befindet sich die Seriennummer auf meinem Ger\u00e4t? Die Seriennummer befindet sich auf dem Typenschild, das an der Vorderseite der Maschine angebracht ist. Bei \u00e4lteren Maschinen ist die Nummer in die Verbindungsplatten auf der linken Seite, wo der Hauptzug mit dem Mittelrahmen verbunden ist, oder auf die Befestigungsplatte des Haupthydraulikzylinders am Mittelrahmen eingepr\u00e4gt. Woher [&hellip;]<\/p>\n","protected":false},"author":6,"featured_media":0,"parent":0,"menu_order":0,"comment_status":"closed","ping_status":"closed","template":"","meta":{"footnotes":""},"class_list":["post-568","page","type-page","status-publish","hentry"],"yoast_head":"<!-- This site is optimized with the Yoast SEO Premium plugin v20.8 (Yoast SEO v27.2) - https:\/\/yoast.com\/product\/yoast-seo-premium-wordpress\/ -->\n<title>FAQ - Kelly Tillage Deutsch<\/title>\n<meta name=\"robots\" content=\"index, follow, max-snippet:-1, max-image-preview:large, max-video-preview:-1\" \/>\n<link rel=\"canonical\" href=\"https:\/\/kellytillage.com\/de\/faq\/\" \/>\n<meta property=\"og:locale\" content=\"en_US\" \/>\n<meta property=\"og:type\" content=\"article\" \/>\n<meta property=\"og:title\" content=\"FAQ\" \/>\n<meta property=\"og:description\" content=\"FAQ Wo befindet sich die Seriennummer auf meinem Ger\u00e4t? Die Seriennummer befindet sich auf dem Typenschild, das an der Vorderseite der Maschine angebracht ist. Bei \u00e4lteren Maschinen ist die Nummer in die Verbindungsplatten auf der linken Seite, wo der Hauptzug mit dem Mittelrahmen verbunden ist, oder auf die Befestigungsplatte des Haupthydraulikzylinders am Mittelrahmen eingepr\u00e4gt. Woher [&hellip;]\" \/>\n<meta property=\"og:url\" content=\"https:\/\/kellytillage.com\/de\/faq\/\" \/>\n<meta property=\"og:site_name\" content=\"Kelly Tillage Deutsch\" \/>\n<meta property=\"article:modified_time\" content=\"2023-06-08T13:39:12+00:00\" \/>\n<meta property=\"og:image\" content=\"https:\/\/kellytillage.com\/de\/wp-content\/uploads\/sites\/28\/2021\/12\/kelly-transp-logo.png\" \/>\n\t<meta property=\"og:image:width\" content=\"197\" \/>\n\t<meta property=\"og:image:height\" content=\"130\" \/>\n\t<meta property=\"og:image:type\" content=\"image\/png\" \/>\n<meta name=\"twitter:card\" content=\"summary_large_image\" \/>\n<meta name=\"twitter:label1\" content=\"Est. reading time\" \/>\n\t<meta name=\"twitter:data1\" content=\"7 minutes\" \/>\n<script type=\"application\/ld+json\" class=\"yoast-schema-graph\">{\"@context\":\"https:\/\/schema.org\",\"@graph\":[{\"@type\":\"WebPage\",\"@id\":\"https:\/\/kellytillage.com\/de\/faq\/\",\"url\":\"https:\/\/kellytillage.com\/de\/faq\/\",\"name\":\"FAQ - Kelly Tillage Deutsch\",\"isPartOf\":{\"@id\":\"https:\/\/kellytillage.com\/de\/#website\"},\"datePublished\":\"2021-12-14T13:22:01+00:00\",\"dateModified\":\"2023-06-08T13:39:12+00:00\",\"breadcrumb\":{\"@id\":\"https:\/\/kellytillage.com\/de\/faq\/#breadcrumb\"},\"inLanguage\":\"en-US\",\"potentialAction\":[{\"@type\":\"ReadAction\",\"target\":[\"https:\/\/kellytillage.com\/de\/faq\/\"]}]},{\"@type\":\"BreadcrumbList\",\"@id\":\"https:\/\/kellytillage.com\/de\/faq\/#breadcrumb\",\"itemListElement\":[{\"@type\":\"ListItem\",\"position\":1,\"name\":\"Home\",\"item\":\"https:\/\/kellytillage.com\/de\/\"},{\"@type\":\"ListItem\",\"position\":2,\"name\":\"FAQ\"}]},{\"@type\":\"WebSite\",\"@id\":\"https:\/\/kellytillage.com\/de\/#website\",\"url\":\"https:\/\/kellytillage.com\/de\/\",\"name\":\"Kelly Tillage Deutsch\",\"description\":\"Better Tillage. Better Tomorrow - Custom Made Farm Implements\",\"publisher\":{\"@id\":\"https:\/\/kellytillage.com\/de\/#organization\"},\"potentialAction\":[{\"@type\":\"SearchAction\",\"target\":{\"@type\":\"EntryPoint\",\"urlTemplate\":\"https:\/\/kellytillage.com\/de\/?s={search_term_string}\"},\"query-input\":{\"@type\":\"PropertyValueSpecification\",\"valueRequired\":true,\"valueName\":\"search_term_string\"}}],\"inLanguage\":\"en-US\"},{\"@type\":\"Organization\",\"@id\":\"https:\/\/kellytillage.com\/de\/#organization\",\"name\":\"Kelly Tillage Deutsch\",\"url\":\"https:\/\/kellytillage.com\/de\/\",\"logo\":{\"@type\":\"ImageObject\",\"inLanguage\":\"en-US\",\"@id\":\"https:\/\/kellytillage.com\/de\/#\/schema\/logo\/image\/\",\"url\":\"https:\/\/kellytillage.com\/de\/wp-content\/uploads\/sites\/28\/2021\/12\/cropped-kelly-transp-logo.png\",\"contentUrl\":\"https:\/\/kellytillage.com\/de\/wp-content\/uploads\/sites\/28\/2021\/12\/cropped-kelly-transp-logo.png\",\"width\":134,\"height\":83,\"caption\":\"Kelly Tillage Deutsch\"},\"image\":{\"@id\":\"https:\/\/kellytillage.com\/de\/#\/schema\/logo\/image\/\"}}]}<\/script>\n<!-- \/ Yoast SEO Premium plugin. -->","yoast_head_json":{"title":"FAQ - Kelly Tillage Deutsch","robots":{"index":"index","follow":"follow","max-snippet":"max-snippet:-1","max-image-preview":"max-image-preview:large","max-video-preview":"max-video-preview:-1"},"canonical":"https:\/\/kellytillage.com\/de\/faq\/","og_locale":"en_US","og_type":"article","og_title":"FAQ","og_description":"FAQ Wo befindet sich die Seriennummer auf meinem Ger\u00e4t? Die Seriennummer befindet sich auf dem Typenschild, das an der Vorderseite der Maschine angebracht ist. Bei \u00e4lteren Maschinen ist die Nummer in die Verbindungsplatten auf der linken Seite, wo der Hauptzug mit dem Mittelrahmen verbunden ist, oder auf die Befestigungsplatte des Haupthydraulikzylinders am Mittelrahmen eingepr\u00e4gt. Woher [&hellip;]","og_url":"https:\/\/kellytillage.com\/de\/faq\/","og_site_name":"Kelly Tillage Deutsch","article_modified_time":"2023-06-08T13:39:12+00:00","og_image":[{"width":197,"height":130,"url":"https:\/\/kellytillage.com\/de\/wp-content\/uploads\/sites\/28\/2021\/12\/kelly-transp-logo.png","type":"image\/png"}],"twitter_card":"summary_large_image","twitter_misc":{"Est. reading time":"7 minutes"},"schema":{"@context":"https:\/\/schema.org","@graph":[{"@type":"WebPage","@id":"https:\/\/kellytillage.com\/de\/faq\/","url":"https:\/\/kellytillage.com\/de\/faq\/","name":"FAQ - Kelly Tillage Deutsch","isPartOf":{"@id":"https:\/\/kellytillage.com\/de\/#website"},"datePublished":"2021-12-14T13:22:01+00:00","dateModified":"2023-06-08T13:39:12+00:00","breadcrumb":{"@id":"https:\/\/kellytillage.com\/de\/faq\/#breadcrumb"},"inLanguage":"en-US","potentialAction":[{"@type":"ReadAction","target":["https:\/\/kellytillage.com\/de\/faq\/"]}]},{"@type":"BreadcrumbList","@id":"https:\/\/kellytillage.com\/de\/faq\/#breadcrumb","itemListElement":[{"@type":"ListItem","position":1,"name":"Home","item":"https:\/\/kellytillage.com\/de\/"},{"@type":"ListItem","position":2,"name":"FAQ"}]},{"@type":"WebSite","@id":"https:\/\/kellytillage.com\/de\/#website","url":"https:\/\/kellytillage.com\/de\/","name":"Kelly Tillage Deutsch","description":"Better Tillage. Better Tomorrow - Custom Made Farm Implements","publisher":{"@id":"https:\/\/kellytillage.com\/de\/#organization"},"potentialAction":[{"@type":"SearchAction","target":{"@type":"EntryPoint","urlTemplate":"https:\/\/kellytillage.com\/de\/?s={search_term_string}"},"query-input":{"@type":"PropertyValueSpecification","valueRequired":true,"valueName":"search_term_string"}}],"inLanguage":"en-US"},{"@type":"Organization","@id":"https:\/\/kellytillage.com\/de\/#organization","name":"Kelly Tillage Deutsch","url":"https:\/\/kellytillage.com\/de\/","logo":{"@type":"ImageObject","inLanguage":"en-US","@id":"https:\/\/kellytillage.com\/de\/#\/schema\/logo\/image\/","url":"https:\/\/kellytillage.com\/de\/wp-content\/uploads\/sites\/28\/2021\/12\/cropped-kelly-transp-logo.png","contentUrl":"https:\/\/kellytillage.com\/de\/wp-content\/uploads\/sites\/28\/2021\/12\/cropped-kelly-transp-logo.png","width":134,"height":83,"caption":"Kelly Tillage Deutsch"},"image":{"@id":"https:\/\/kellytillage.com\/de\/#\/schema\/logo\/image\/"}}]}},"_links":{"self":[{"href":"https:\/\/kellytillage.com\/de\/wp-json\/wp\/v2\/pages\/568","targetHints":{"allow":["GET"]}}],"collection":[{"href":"https:\/\/kellytillage.com\/de\/wp-json\/wp\/v2\/pages"}],"about":[{"href":"https:\/\/kellytillage.com\/de\/wp-json\/wp\/v2\/types\/page"}],"author":[{"embeddable":true,"href":"https:\/\/kellytillage.com\/de\/wp-json\/wp\/v2\/users\/6"}],"replies":[{"embeddable":true,"href":"https:\/\/kellytillage.com\/de\/wp-json\/wp\/v2\/comments?post=568"}],"version-history":[{"count":17,"href":"https:\/\/kellytillage.com\/de\/wp-json\/wp\/v2\/pages\/568\/revisions"}],"predecessor-version":[{"id":20518,"href":"https:\/\/kellytillage.com\/de\/wp-json\/wp\/v2\/pages\/568\/revisions\/20518"}],"wp:attachment":[{"href":"https:\/\/kellytillage.com\/de\/wp-json\/wp\/v2\/media?parent=568"}],"curies":[{"name":"wp","href":"https:\/\/api.w.org\/{rel}","templated":true}]}}